{"id":764,"date":"2025-11-11T14:08:00","date_gmt":"2025-11-11T14:08:00","guid":{"rendered":"https:\/\/gpsites.co\/construction\/?page_id=2"},"modified":"2025-11-11T06:38:30","modified_gmt":"2025-11-11T06:38:30","slug":"home","status":"publish","type":"page","link":"https:\/\/allnet-flat.com\/","title":{"rendered":"Home"},"content":{"rendered":"<div class=\"gb-container gb-container-44ec79a4\"><div class=\"gb-inside-container\">\n\n<h1 class=\"gb-headline gb-headline-ffb508d0 home-heading\"><span class=\"gb-icon\"><svg xml:space=\"preserve\" style=\"enable-background:new 0 0 220.805 220.805\" viewBox=\"0 0 220.805 220.805\" xmlns=\"http:\/\/www.w3.org\/2000\/svg\"><path d=\"M205.402 220.805h-190a4 4 0 0 1-4-4V42.001a4 4 0 0 1 2.515-3.714l95-38.002a3.998 3.998 0 0 1 5.486 3.714v76.097l89.515-35.808a3.998 3.998 0 0 1 5.486 3.714v168.803a4.003 4.003 0 0 1-4.002 4zm-91-8h87V53.91l-87 34.802v124.093zm-95 0h87V9.907l-87 34.802v168.096zm165.333-10.972a4 4 0 0 1-4-4V162.21h-18.833v35.623a4 4 0 0 1-8 0V162.21h-18.833v35.623a4 4 0 0 1-8 0v-93.332a4 4 0 0 1 8 0v15.124h18.833v-27.79a4 4 0 0 1 8 0v27.79h18.833V82.251a4 4 0 0 1 8 0v115.582a4 4 0 0 1-4 4zm-22.833-47.623h18.833v-26.585h-18.833v26.585zm-26.833 0h18.833v-26.585h-18.833v26.585zm-45.334 47.623a4 4 0 0 1-4-4v-35.831H66.902v35.831a4 4 0 0 1-8 0v-35.831H40.069v35.831a4 4 0 0 1-8 0V61.667a4 4 0 0 1 8 0v23.166h18.833V49.002a4 4 0 0 1 8 0v35.831h18.833V39.417a4 4 0 0 1 8 0v158.416a4 4 0 0 1-4 4zm-22.833-47.831h18.833v-26.585H66.902v26.585zm-26.833 0h18.833v-26.585H40.069v26.585zm26.833-34.585h18.833V92.833H66.902v26.584zm-26.833 0h18.833V92.833H40.069v26.584z\"><\/path><\/svg><\/span><span class=\"gb-headline-text\">Allnet Flat<\/span><\/h1>\n\n\n<div class=\"gb-grid-wrapper gb-grid-wrapper-6356d8f4\">\n<div class=\"gb-grid-column gb-grid-column-eecd528c\"><div class=\"gb-container gb-container-eecd528c hide-on-mobile\"><div class=\"gb-inside-container\"><\/div><\/div><\/div>\n\n<div class=\"gb-grid-column gb-grid-column-9eeb545b\"><div class=\"gb-container gb-container-9eeb545b\"><div class=\"gb-inside-container\">\n\n<p class=\"gb-headline gb-headline-05362df2 gb-headline-text home-heading\">Besser telefonieren mit  g\u00fcnstigen und Leistungsstrken Allnet Flat<\/p>\n\n<\/div><\/div><\/div>\n\n<div class=\"gb-grid-column gb-grid-column-0b22ef6d\"><div class=\"gb-container gb-container-0b22ef6d hide-on-mobile\"><div class=\"gb-inside-container\"><\/div><\/div><\/div>\n<\/div>\n\n\n<a class=\"gb-button gb-button-b97f7fd7 gb-button-text\" href=\"https:\/\/allnet-flat.com\/#vergleich\"><strong>Direkt zum Vergleich<\/strong><\/a>\n\n<\/div><\/div>\n\n<div class=\"gb-container gb-container-75987e06\"><div class=\"gb-inside-container\">\n<div class=\"gb-grid-wrapper gb-grid-wrapper-c42c41d9\">\n<div class=\"gb-grid-column gb-grid-column-38af5eb5\"><div class=\"gb-container gb-container-38af5eb5\"><div class=\"gb-inside-container\">\n\n<h6 class=\"gb-headline gb-headline-0804dbe3\"><span class=\"gb-icon\"><svg aria-hidden=\"true\" role=\"img\" height=\"1em\" width=\"1em\" viewBox=\"0 0 448 512\" xmlns=\"http:\/\/www.w3.org\/2000\/svg\"><path fill=\"currentColor\" d=\"M16 132h416c8.837 0 16-7.163 16-16V76c0-8.837-7.163-16-16-16H16C7.163 60 0 67.163 0 76v40c0 8.837 7.163 16 16 16zm0 160h416c8.837 0 16-7.163 16-16v-40c0-8.837-7.163-16-16-16H16c-8.837 0-16 7.163-16 16v40c0 8.837 7.163 16 16 16zm0 160h416c8.837 0 16-7.163 16-16v-40c0-8.837-7.163-16-16-16H16c-8.837 0-16 7.163-16 16v40c0 8.837 7.163 16 16 16z\"><\/path><\/svg><\/span><span class=\"gb-headline-text\">Willkommen<\/span><\/h6>\n\n\n\n<h2 class=\"gb-headline gb-headline-fa6895c6 gb-headline-text\">An Allnet Flat geht kein Weg mehr vorbei<\/h2>\n\n\n\n<p>Allnet Flats sind eine Art von Mobilfunktarifen, die in Deutschland seit den fr\u00fchen 2000er Jahren zunehmend angeboten werden. Allnet Flats bieten eine Flatrate f\u00fcr alle Netze, d.h. eine unbegrenzte Anzahl von Anrufen, SMS und Datenverbindungen, die alle in einem einzigen Paket enthalten sind. Diese Art von Tarifen ist besonders attraktiv f\u00fcr Nutzer, die viel telefonieren, SMS versenden und im Internet surfen. <\/p>\n\n\n\n<p>Dazu sind die <strong>Allnet Flat<\/strong> in den letzten Jahren immer billiger geworden, so dass immer mehr Nutzer diese Form der Handy Flat einsetzen. Daher gibt es mittlerweile auf dem Markt kaum noch Alternativen: wer einen Handytarif sucht, wird fast immer auf eine Allnet Flat treffen. Ausnahmen gibt es nur noch im Prepaid Bereich f\u00fcr absolute Wenig-Nutzer.  Alle anderen Verbraucher sind mittlerweile mit einer Allnet Flatrate am besten beraten.<\/p>\n\n<\/div><\/div><\/div>\n\n<div class=\"gb-grid-column gb-grid-column-f9ea2eda\"><div class=\"gb-container gb-container-f9ea2eda\"><div class=\"gb-inside-container\">\n<div class=\"gb-grid-wrapper gb-grid-wrapper-36c49edf\">\n<div class=\"gb-grid-column gb-grid-column-bce928cc\"><div class=\"gb-container gb-container-bce928cc\"><div class=\"gb-inside-container\"><\/div><\/div><\/div>\n\n<div class=\"gb-grid-column gb-grid-column-8e109b78\"><div class=\"gb-container gb-container-8e109b78\"><div class=\"gb-inside-container\"><\/div><\/div><\/div>\n\n<div class=\"gb-grid-column gb-grid-column-9b4fdc3f\"><div class=\"gb-container gb-container-9b4fdc3f\"><div class=\"gb-inside-container\"><\/div><\/div><\/div>\n\n<div class=\"gb-grid-column gb-grid-column-b5a70e20\"><div class=\"gb-container gb-container-b5a70e20\"><div class=\"gb-inside-container\"><\/div><\/div><\/div>\n<\/div>\n<\/div><\/div><\/div>\n<\/div>\n\n\n<p>Die <strong>Preise f\u00fcr Allnet Flat<\/strong> variieren dabei sehr stark. Von Angebote ab 5 Euro im Monat reichen die Preisspannen bis an die 100 Euro monatliche Grundgeb\u00fchr und wer ein Smartphone zur Flatrate haben m\u00f6chte, zahlt oft noch etwas mehr. Steigende Preise bedeuten dabei oft auch mehr Datenvolumen oder auch h\u00f6here Geschwindigkeiten und das macht es f\u00fcr Verbraucher nicht immer einfach, den besten Tarif und die beste Allnet Flat zu finden. Hier wollen wir den \u00dcberblick \u00fcber die aktuellen Angebote geben und zeigen, was man derzeit an Allnet Flatrates auf dem deutschen Markt findet.<\/p>\n\n\n\n<h2 class=\"wp-block-heading\" id=\"vergleich\">Allnet Flat Vergleich<\/h2>\n\n\n\n<!-- START TARIFFUXX VERGLEICHSTABELLEN -->\n<script type=\"text\/javascript\" src=\"https:\/\/www.tariffuxx.de\/tools\/view\/twl-mobile?tool_id=483\" id=\"twl-mobile-483\"><\/script>\n<noscript>Bitte aktivieren Sie JavaScript, um den Tarifvergleich zu nutzen.<\/noscript>\n<!-- ENDE TARIFFUXX VERGLEICHSTABELLEN -->\n\n\n\n<h2 class=\"wp-block-heading\">Merkmale einer Allnet Flat<\/h2>\n\n\n\n<figure class=\"wp-block-table\"><table class=\"has-fixed-layout\"><thead><tr><th>Merkmal<\/th><th>Beschreibung<\/th><\/tr><\/thead><tbody><tr><td><strong>Telefonie<\/strong><\/td><td>Unbegrenzte Anrufe in alle deutschen Mobilfunknetze und ins Festnetz<\/td><\/tr><tr><td><strong>SMS<\/strong><\/td><td>H\u00e4ufig inklusive SMS\u2011Flatrate, je nach Anbieter unterschiedlich<\/td><\/tr><tr><td><strong>Internet<\/strong><\/td><td>Enth\u00e4lt ein festgelegtes Datenvolumen f\u00fcr mobiles Surfen<\/td><\/tr><tr><td><strong>Roaming<\/strong><\/td><td>EU\u2011Roaming meist enthalten, Auslandstelefonate au\u00dferhalb der EU oft kostenpflichtig<\/td><\/tr><tr><td><strong>Kostenkontrolle<\/strong><\/td><td>Fester monatlicher Preis, keine zus\u00e4tzlichen Kosten f\u00fcr Standardgespr\u00e4che<\/td><\/tr><tr><td><strong>Verf\u00fcgbarkeit<\/strong><\/td><td>Standardprodukt bei fast allen Mobilfunkanbietern<\/td><\/tr><tr><td><strong>Preis<\/strong><\/td><td>Fr\u00fcher sehr teuer, heute oft schon im g\u00fcnstigen Bereich erh\u00e4ltlich<\/td><\/tr><tr><td><strong>Ausnahmen<\/strong><\/td><td>Sondernummern, Servicenummern und Videotelefonie meist nicht enthalten<\/td><\/tr><tr><td><strong>Vertragslaufzeit<\/strong><\/td><td>Meist 24 Monate, teilweise auch monatlich k\u00fcndbar<\/td><\/tr><\/tbody><\/table><\/figure>\n\n\n\n<h2 class=\"wp-block-heading\">Was kostet eine Allnet Flat?<\/h2>\n\n\n\n<p>Die Preise einer Allnet Flatrate h\u00e4ngen stark davon ab, wieviel Datenvolumen man ben\u00f6tigt, welchen Speed die Flat haben soll und welches Netz man bevorzugt. Die billigsten <strong>Allnet Flat gibt es derzeit ab etwa 5 Euro monatlich<\/strong> im Handy-Netz von O2. In diesem Netz gibt es sogar unbegrenztes Datenvolumen zur Allnet Flat (allerdings mit langsamen 5 MBit\/s Speed) ab 10 bis 15 Euro monatlich.<\/p>\n\n\n\n<p>In den D-Netzen von Telekom und Vodafone sind so billige Allnet-Flat eher die Ausnahme. Man bekommt die billigsten Allnet Flat in beiden Handy-Netze ab etwa 7 bis 10 Euro und damit etwas teurer als im O2 Netz. Dazu sind auch die Datenvolumen leicht geringer. Der gr\u00f6\u00dfte Unterschied liegt aber beim Speed. W\u00e4hrend man im O2 Netz mit etwas Pech auch sehr langsame Flatrates bekommt, die sogar langsamer als die meisten Prepaid Karte auf dem Markt sind, starten im Telekom Netz und auch bei Vodafone die Geschwindigkeiten mittlerweile bei soliden 25 MBit\/s und reichen dann bis LTE max (je nach Anbieter). In den D-Netzen bekommt man daher keine der wirklich langsamen Flat und muss sich zumindest um diesen Punkt keine Gedanken machen. Daf\u00fcr liegt aber eben auch der Preis etwas h\u00f6her.<\/p>\n\n\n\n<p>Die teuersten Allnet Flat sind derzeit die Angebote, die sowohl unbegrenztes Datenvolumen als auch hohen Speed kombinieren. F\u00fcr <strong>Allnet Flat mit 5G und ohne Datenlimit<\/strong> zahlt man derzeit <strong>zwischen 60 bis 90 Euro pro Monat<\/strong>. Wer richtig viel Surfen m\u00f6chte und das auch noch schnell, muss derzeit also noch recht tief in die Tasche greifen. Daher sollte man sich \u00fcberlegen, ob eine unbegrenzte Allnet Flat wirklich bereits sein muss oder ob eine gro\u00dften Datenflat mit viel Volumen eventuell auch ausreicht.<\/p>\n\n\n\n<p>Die hier genannten Preise sind dabei nur Kosten f\u00fcr die Allnetflat selbst. M\u00f6chte man noch ein Handy oder Smartphone zur Flatrate,  kommen nochmal Extra-Kosten dazu und der Preis f\u00fcr  die Handy-Flat erh\u00f6ht sich entsprechend.  Wer die Preise gegenpr\u00fcfen will, findet hier weitere Tarifzusammenstellung rund um Allnet Tarife und Mobilfunk allgemein: <\/p>\n\n<\/div><\/div>\n\n<div class=\"gb-container gb-container-7a59a319\"><div class=\"gb-inside-container\">\n\n<h2 class=\"wp-block-heading\">Was tun bei Problemen mit Allnet Flatrates und Mobilfunk?<\/h2>\n\n\n\n<p>In den letzten Jahren gab es im  Mobilfunk-Bereich sehr viele verbraucherfreundliche Urteile und mit der Novellierung des Telekommunikationsgesetzes Ende 2021 wurden die Verbraucherrechte noch weiter gest\u00e4rkt. Dennoch gibt es ab und an auch rechtliche Probleme mit einem Anbieter und Kunden sind in solchen Situation erfreulicherweise nicht alleine. Es gibt fachkundige Hilfe, die man in vielen F\u00e4llen in Anspruch nehmen kann und das sollte man auch tun, denn die rechtlichen Anforderungen im Mobilfunk-Bereich sind nicht immer ganz einfach zu durchschauen.<\/p>\n\n\n\n<p>F\u00fcr eine ganze Reihe von F\u00e4llen rund um die Verbraucherrechte im Mobilfunk-Sektor ist die Bundesnetzagentur ein guter Ansprechpartner, denn die Beh\u00f6rde ist auch die Schlichtungsstelle f\u00fcr viele Fragen rund um Allnet Flat und Netze sowie den Netzzugang. Die Schlichtung ist dabei kostenlos aber auch unverbindlich &#8211;  weder der Kunde noch der Anbieter m\u00fcssen sich an den Schlichterspruch halten. Dennoch bekommt man so eine fachlich fundierte Einsch\u00e4tzung f\u00fcr Probleme. Den Online-Antrag f\u00fcr eine Schlichtung findet man <strong><a href=\"https:\/\/www.bundesnetzagentur.de\/_tools\/Schlichtung\/node.html\" target=\"_blank\" rel=\"noreferrer noopener\">direkt bei der Bundesnetzagentur<\/a><\/strong>  (man sollte sich vorher aber die Anforderungen dazu durchlesen).<\/p>\n\n\n\n<p>Ebenfalls fachliche Hilfe findet man bei den Verbraucherzentralen vor Ort. Diese haben meist bereits Erfahrungen mit Problemen aus dem Mobilfunk-Bereich und k\u00f6nnen daher gut einsch\u00e4tzen, welche L\u00f6sungen es f\u00fcr ein bestimmtes Problem  mit dem Anbieter oder der Handy-Flatrate gibt Die jeweilige zust\u00e4ndige Stelle der Verbraucherzentrale <strong><a href=\"https:\/\/www.verbraucherzentrale.de\/beratung\" target=\"_blank\" rel=\"noreferrer noopener\">findet man hier<\/a><\/strong>.<\/p>\n\n\n\n<p>Insgesamt kann man solchen Problemen und Streitigkeiten aber recht gut aus dem Weg gehen, wenn man auf <a href=\"https:\/\/allnet-flat.com\/index.php\/2023\/05\/04\/flat-ohne-laufzeit-die-besten-angebote-mit-kurzen-vertraegen\/\">Allnet Flat mit kurzen Vertragslaufzeiten<\/a> setzt.  Dann lasst sich die Flatrates im Zweifel jederzeit auch wieder k\u00fcndigen und man kann zu einem anderen Anbieter wechseln, ohne dass es lange Bindungsfristen g\u00e4be.<\/p>\n\n<\/div><\/div>\n\n<div class=\"gb-container gb-container-c06432e2\"><div class=\"gb-inside-container\">\n<div class=\"gb-grid-wrapper gb-grid-wrapper-fd286c1d\">\n<div class=\"gb-grid-column gb-grid-column-80f2b692\"><div class=\"gb-container gb-container-80f2b692\"><div class=\"gb-inside-container\">\n<div class=\"gb-grid-wrapper gb-grid-wrapper-29400ec4\">\n<div class=\"gb-grid-column gb-grid-column-d3651919\"><div class=\"gb-container gb-container-d3651919\"><div class=\"gb-inside-container\">\n\n<h5 class=\"gb-headline gb-headline-505b3825 gb-headline-text\">Vorsicht bei zu billigen Flat<\/h5>\n\n\n\n<p class=\"gb-headline gb-headline-1b672510 gb-headline-text\">Wenn Flatrates weniger als 5 Euro kosten, sollte man die Tarif-Details genau anschauen.  Oft gibt es den Preis nur wenige Monate.<\/p>\n\n<\/div><\/div><\/div>\n<\/div>\n<\/div><\/div><\/div>\n\n<div class=\"gb-grid-column gb-grid-column-922fdef6\"><div class=\"gb-container gb-container-922fdef6\"><div class=\"gb-inside-container\">\n\n<h2 class=\"gb-headline gb-headline-eb270eec gb-headline-text\">Die billigste Allnet Flat<\/h2>\n\n\n\n<p class=\"gb-headline gb-headline-310be31b gb-headline-text\">Die <strong>billigste Allnet Flat<\/strong> auf dem deutschen Markt ist derzeit reul\u00e4r und dauerhaft f\u00fcr  4.99 Euro monatlich zu bekommen.  Allerdings sind diese Flat leider nicht immer bei jedem Anbieter zu bekommen, sondern nur aktionsweise bei den Drillisch Marken. Man sollte also pr\u00fcfen, welcher Anbieter von Drillisch gerade die 5 Euro Flat im Angebot hat.<\/p>\n\n\n<div class=\"gb-button-wrapper gb-button-wrapper-02b4ba73\">\n\n<a class=\"gb-button gb-button-23a7adc8\" href=\"https:\/\/allnet-flat.com\/zur-allnet-flat\/handyvertragde\" target=\"_blank\" rel=\"noopener noreferrer\"><span class=\"gb-button-text\">direkt zum Anbieter<\/span><span class=\"gb-icon\"><svg xmlns=\"http:\/\/www.w3.org\/2000\/svg\" style=\"enable-background:new 0 0 44.952 44.952\" xml:space=\"preserve\" viewBox=\"0 0 44.952 44.952\"><path d=\"M44.952 22.108c0-1.25-.478-2.424-1.362-3.308L30.627 5.831a2.5 2.5 0 0 0-3.536 0 2.511 2.511 0 0 0 0 3.546l10.574 10.57H2.484C1.102 19.948 0 21.081 0 22.464v.028c0 1.382 1.102 2.523 2.484 2.523h35.182L27.094 35.579a2.504 2.504 0 0 0 3.538 3.54l12.958-12.97a4.633 4.633 0 0 0 1.362-3.309v-.732z\"><\/path><\/svg><\/span><\/a>\n\n<\/div>\n<\/div><\/div><\/div>\n<\/div>\n\n\n<hr class=\"wp-block-separator has-alpha-channel-opacity\"\/>\n\n\n\n<h2 class=\"wp-block-heading\">Die Entwicklung der  Allnet Flat in Deutschland<\/h2>\n\n\n\n<p>Die Geschichte der Allnet Flats in Deutschland reicht bis in die fr\u00fchen 2000er Jahre zur\u00fcck. Damals begannen Mobilfunkanbieter wie Telekom, Vodafone und O2 damit, Allnet Flatrates anzubieten. Zu dieser Zeit waren die Tarife noch sehr teuer und es gab nur wenige Optionen. Im Laufe der Jahre wurden die Tarife jedoch immer g\u00fcnstiger und es gab mehr Optionen, sodass sie heutzutage f\u00fcr viele Menschen erschwinglich sind. Heutzutage gibt es in Deutschland eine Vielzahl von Allnet Flatrates, die von verschiedenen Mobilfunkanbietern angeboten werden. Zu den bekanntesten Anbietern geh\u00f6ren Telekom, Vodafone, O2, ALDI Talk, Congstar und 1&amp;1. Jeder Anbieter bietet unterschiedliche Tarife an, die sich in Bezug auf Preis, Datenvolumen, Anrufminuten und andere Faktoren unterscheiden.<\/p>\n\n\n\n<p>Einige der beliebtesten Allnet Flatrates sind die Telekom MagentaMobil M, die Vodafone GigaMobil M und die neuen O2 Mobile Allnet Flat. Alle diese Tarife bieten unbegrenzte Anrufe, SMS und Datenverbindungen in alle deutschen Netze zu einem monatlichen Preis. Die Preise f\u00fcr diese Tarife liegen zwischen 10 und 50 Euro pro Monat, je nach Anbieter. Einige Anbieter bieten auch spezielle Allnet Flatrates f\u00fcr bestimmte Zielgruppen an. Dazu geh\u00f6ren Tarife wie die Telekom MagentaMobil Young, die Vodafone GigaMobil Young und die O2 Mobile Young. Diese Tarife sind speziell f\u00fcr junge Nutzer konzipiert und bieten oft ein g\u00fcnstigeres Preis-Leistungs-Verh\u00e4ltnis als die regul\u00e4ren Tarife. Es gibt auch Allnet Flatrates, die speziell f\u00fcr Nutzer konzipiert sind, die viel im Ausland telefonieren. Zu diesen Tarifen geh\u00f6ren die Telekom MagentaMobil International, die Vodafone GigaMobil International und die O2 Mobile All-in International. Diese Tarife bieten unbegrenzte Anrufe, SMS und Datenverbindungen in alle Netze in Deutschland und im Ausland.<\/p>\n\n\n\n<p>Einige Anbieter bieten auch Allnet Flatrates an, die speziell f\u00fcr Nutzer konzipiert sind, die viel im Internet surfen. Zu diesen Tarifen geh\u00f6ren die Telekom MagentaMobil L, die Vodafone GigaMobil L und die O2 Mobile Unlimited L. Diese Tarife bieten unbegrenzte Anrufe, SMS und ein sehr hohes Datenvolumen. Allnet Flatrates sind in Deutschland sehr beliebt und es gibt eine Vielzahl von Anbietern, die verschiedene Tarife anbieten. Diese Tarife bieten Nutzern eine unbegrenzte Anzahl von Anrufen, SMS und Datenverbindungen zu einem erschwinglichen Preis. Sie sind besonders attraktiv f\u00fcr Nutzer, die viel telefonieren, SMS versenden und im Internet surfen.<\/p>\n\n\n\n<h2 class=\"wp-block-heading\">Allnet Flat mit und ohne Handy<\/h2>\n\n\n\n<p>Viele Mobilfunkanbieter bieten auch Allnet Flatrates mit einem Handy an. Diese Tarife sind besonders attraktiv f\u00fcr Nutzer, die ein neues Handy ben\u00f6tigen, aber nicht die volle Summe f\u00fcr ein neues Ger\u00e4t ausgeben m\u00f6chten. Diese Tarife bieten in der Regel ein g\u00fcnstiges Handy zusammen mit einer Allnet Flatrate, die in der Regel g\u00fcnstiger ist als die regul\u00e4ren Tarife.<\/p>\n\n\n\n<p>Allnet Flatrates mit einem Handy bieten Nutzern einige Vorteile. Zum einen sind sie in der Regel g\u00fcnstiger als die regul\u00e4ren Tarife, da sie das Handy mit einbeziehen. Zum anderen sind sie eine gute Option f\u00fcr Nutzer, die ein neues Handy ben\u00f6tigen, aber nicht die volle Summe f\u00fcr ein neues Ger\u00e4t ausgeben m\u00f6chten. Dar\u00fcber hinaus sind sie eine gute Option f\u00fcr Nutzer, die viel im Ausland telefonieren, da es spezielle Tarife f\u00fcr diese Zielgruppe gibt. Diesen Preisvorteil gibt es aber nicht bei allen Deals. Ein Preisvergleich lohnt sich daher auch bei <strong>Flat mit Handy<\/strong>.<\/p>\n\n\n\n<p>Allnet Flatrates mit einem Handy haben auch einige Nachteile. Zum einen sind sie in der Regel an eine bestimmte Laufzeit gebunden, und wenn Nutzer den Tarif vor Ablauf der Laufzeit k\u00fcndigen, m\u00fcssen sie eine Geb\u00fchr f\u00fcr die vorzeitige K\u00fcndigung zahlen. Zum anderen sind die Tarife oft an bestimmte Netze gebunden, sodass Nutzer nicht die volle Flexibilit\u00e4t haben, wenn sie ihren Tarif wechseln m\u00f6chten. Dar\u00fcber hinaus k\u00f6nnen die Konditionen der Tarife je nach Anbieter unterschiedlich sein, sodass es wichtig ist, dass Nutzer sich vor dem Kauf \u00fcber die Konditionen des Tarifs informieren.<\/p>\n\n\n\n<p>Fazit: Allnet Flatrates sind eine beliebte Art von Mobilfunktarifen in Deutschland. Sie bieten Nutzern eine unbegrenzte Anzahl von Anrufen, SMS und Datenverbindungen zu einem erschwinglichen Preis. Es gibt eine Vielzahl von Anbietern, die verschiedene Allnet Flatrates anbieten, die sich in Bezug auf Preis, Datenvolumen und andere Faktoren unterscheiden. Es gibt auch spezielle Tarife f\u00fcr bestimmte Zielgruppen und Tarife, die mit einem Handy kombiniert werden k\u00f6nnen. Nutzer sollten jedoch vorsichtig sein, wenn sie ein Allnet Flat mit Handy kaufen, da sie in der Regel an eine bestimmte Laufzeit gebunden sind.<\/p>\n\n<\/div><\/div>\n\n<div class=\"gb-container gb-container-9d7bd77e\"><div class=\"gb-inside-container\">\n<div class=\"wp-block-image\">\n<figure class=\"alignright size-large is-resized\"><img loading=\"lazy\" decoding=\"async\" width=\"683\" height=\"1024\" src=\"https:\/\/allnet-flat.com\/wp-content\/uploads\/2023\/03\/pexels-irina-iriser-16479761-683x1024.jpg\" alt=\"\" class=\"wp-image-1081\" style=\"width:400px\" srcset=\"https:\/\/allnet-flat.com\/wp-content\/uploads\/2023\/03\/pexels-irina-iriser-16479761-683x1024.jpg 683w, https:\/\/allnet-flat.com\/wp-content\/uploads\/2023\/03\/pexels-irina-iriser-16479761-200x300.jpg 200w, https:\/\/allnet-flat.com\/wp-content\/uploads\/2023\/03\/pexels-irina-iriser-16479761-768x1152.jpg 768w, https:\/\/allnet-flat.com\/wp-content\/uploads\/2023\/03\/pexels-irina-iriser-16479761-1024x1536.jpg 1024w, https:\/\/allnet-flat.com\/wp-content\/uploads\/2023\/03\/pexels-irina-iriser-16479761-1365x2048.jpg 1365w, https:\/\/allnet-flat.com\/wp-content\/uploads\/2023\/03\/pexels-irina-iriser-16479761-scaled.jpg 1707w\" sizes=\"auto, (max-width: 683px) 100vw, 683px\" \/><\/figure>\n<\/div>\n\n\n<h6 class=\"gb-headline gb-headline-3118d81c gb-headline-text\">Apple<\/h6>\n\n\n\n<h3 class=\"gb-headline gb-headline-578760e7 gb-headline-text\">Das iPhone mit Allnet Flat<\/h3>\n\n\n\n<p>Die Apple iPhones geh\u00f6rten bereits von Beginn an zu den teuersten Smartphones auf dem Markt, und daran hat sich bis heute kaum etwas ge\u00e4ndert. Deshalb wurden sie seit ihrem Marktstart h\u00e4ufig zusammen mit passenden Allnet Flats angeboten. Auf diese Weise lie\u00df sich der hohe Anschaffungspreis in 24 kleinere Monatsraten aufteilen. Diese Kombination ist nach wie vor beliebt, doch inzwischen sind die Preise f\u00fcr die Spitzenmodelle so stark gestiegen, dass auch die monatlichen Geb\u00fchren deutlich h\u00f6her ausfallen. Man sollte daher sorgf\u00e4ltig kalkulieren, ob sich ein iPhone\u2011Deal mit Allnet Flat tats\u00e4chlich lohnt oder nicht.<\/p>\n\n\n\n<p>Bei einem iPhone mit Allnet Flat sollte man mehrere Punkte beachten. Zun\u00e4chst ist zu pr\u00fcfen, ob der jeweilige Netzbetreiber \u00fcberhaupt eine Allnet Flat anbietet, da dies nicht \u00fcberall der Fall ist. Ebenso sollte man die Kosten vergleichen, da die Preise je nach Anbieter und Tarif stark variieren k\u00f6nnen. Auch die Inklusivleistungen sind wichtig, denn manche Tarife bieten mehr Zusatzoptionen als andere. Dar\u00fcber hinaus lohnt es sich zu pr\u00fcfen, ob Roaming\u2011Optionen enthalten sind, um auch im Ausland telefonieren zu k\u00f6nnen. Ein weiterer Aspekt ist die Vertragslaufzeit, die je nach Tarif unterschiedlich lang ausfallen kann.<\/p>\n\n\n\n<p>Zus\u00e4tzlich sollte man ber\u00fccksichtigen, dass aktuelle iPhone\u2011Modelle bereits 5G unterst\u00fctzen, sodass eine 5G\u2011Allnet Flat sinnvoll sein kann. Au\u00dferdem bieten die neueren Ger\u00e4te eSIM und Dual\u2011eSIM, wodurch sich Tarife direkt auf das iPhone laden lassen, ohne eine physische SIM\u2011Karte zu ben\u00f6tigen. Auch dieser Punkt kann bei der Wahl des passenden Vertrags eine Rolle spielen.<\/p>\n\n<\/div><\/div>","protected":false},"excerpt":{"rendered":"<p>Allnet Flat Die Preise f\u00fcr Allnet Flat variieren dabei sehr stark. Von Angebote ab 5 &#8230; <a title=\"Home\" class=\"read-more\" href=\"https:\/\/allnet-flat.com\/\" aria-label=\"Mehr Informationen \u00fcber Home\">Weiterlesen &#8230;<\/a><\/p>\n","protected":false},"author":1,"featured_media":0,"parent":0,"menu_order":0,"comment_status":"closed","ping_status":"open","template":"","meta":{"footnotes":""},"class_list":["post-764","page","type-page","status-publish"],"_links":{"self":[{"href":"https:\/\/allnet-flat.com\/index.php\/wp-json\/wp\/v2\/pages\/764","targetHints":{"allow":["GET"]}}],"collection":[{"href":"https:\/\/allnet-flat.com\/index.php\/wp-json\/wp\/v2\/pages"}],"about":[{"href":"https:\/\/allnet-flat.com\/index.php\/wp-json\/wp\/v2\/types\/page"}],"author":[{"embeddable":true,"href":"https:\/\/allnet-flat.com\/index.php\/wp-json\/wp\/v2\/users\/1"}],"replies":[{"embeddable":true,"href":"https:\/\/allnet-flat.com\/index.php\/wp-json\/wp\/v2\/comments?post=764"}],"version-history":[{"count":5,"href":"https:\/\/allnet-flat.com\/index.php\/wp-json\/wp\/v2\/pages\/764\/revisions"}],"predecessor-version":[{"id":1319,"href":"https:\/\/allnet-flat.com\/index.php\/wp-json\/wp\/v2\/pages\/764\/revisions\/1319"}],"wp:attachment":[{"href":"https:\/\/allnet-flat.com\/index.php\/wp-json\/wp\/v2\/media?parent=764"}],"curies":[{"name":"wp","href":"https:\/\/api.w.org\/{rel}","templated":true}]}}