{"id":1234,"date":"2024-10-03T14:54:46","date_gmt":"2024-10-03T14:54:46","guid":{"rendered":"https:\/\/allnet-flat.com\/?page_id=1234"},"modified":"2024-10-03T14:54:47","modified_gmt":"2024-10-03T14:54:47","slug":"wer-schreibt-hier-alles-zum-autor","status":"publish","type":"page","link":"https:\/\/allnet-flat.com\/index.php\/wer-schreibt-hier-alles-zum-autor\/","title":{"rendered":"Wer schreibt hier? &#8211; alles zum Autor"},"content":{"rendered":"<div class=\"wp-block-image\">\n<figure class=\"alignright size-medium\"><img loading=\"lazy\" decoding=\"async\" width=\"300\" height=\"300\" src=\"https:\/\/allnet-flat.com\/wp-content\/uploads\/2024\/10\/bastianebert-autor-300x300.jpg\" alt=\"\" class=\"wp-image-1236\" srcset=\"https:\/\/allnet-flat.com\/wp-content\/uploads\/2024\/10\/bastianebert-autor-300x300.jpg 300w, https:\/\/allnet-flat.com\/wp-content\/uploads\/2024\/10\/bastianebert-autor-150x150.jpg 150w, https:\/\/allnet-flat.com\/wp-content\/uploads\/2024\/10\/bastianebert-autor.jpg 768w\" sizes=\"auto, (max-width: 300px) 100vw, 300px\" \/><\/figure>\n<\/div>\n\n\n<p>Mein Name ist Bastian Ebert, und ich habe urspr\u00fcnglich mein Diplom in Psychologie an der Friedrich-Schiller-Universit\u00e4t Jena erworben. Seit 2006 schreibe und arbeite ich jedoch im Bereich Mobilfunk und Telekommunikation und habe die Entwicklungen auf dem deutschen Markt als Journalist und Berichterstatter begleitet. Inzwischen bin ich als Mobilfunkexperte f\u00fcr zahlreiche Portale und Websites t\u00e4tig.<\/p>\n\n\n\n<p>Mein Einstieg in dieses Thema waren Prepaid-Karten und Prepaid-Tarife, aber in den letzten zehn Jahren habe ich im gesamten Bereich der Telekommunikation gearbeitet. Dies ist notwendig, da sich der Markt weiterentwickelt hat und Flatrates, Allnet-Tarife, Freikarten, Datenangebote und nat\u00fcrlich auch die Hardware rund um Handys und Smartphones zu einem wichtigen Bestandteil geworden sind, der in der Berichterstattung nicht fehlen darf. In diesem Zusammenhang schreibe ich mittlerweile auf einer Vielzahl eigener Websites und ver\u00f6ffentliche gelegentlich Fachartikel auf anderen Internetseiten.<\/p>\n\n\n\n<h2 class=\"wp-block-heading\">Warum bin ich mit dem Thema vertraut?<\/h2>\n\n\n\n<p>Seit 2006 arbeite ich als Journalist im Bereich Mobilfunk und Telekommunikation und habe mich im Laufe der Zeit intensiv in das Thema eingearbeitet.<\/p>\n\n\n\n<p>Zu dieser Zeit wurde der Mobilfunkmarkt vielf\u00e4ltig, da die ersten Discounter und Drittanbieter starteten, was zu der heute bekannten Vielfalt an Anbietern und Tarifen f\u00fchrte. Diese Entwicklung habe ich begleitet und inzwischen habe ich Kontakte zu fast allen Mobilfunkunternehmen auf dem deutschen Markt und erhalte oft Nachrichten und Informationen direkt von den Unternehmen und Anbietern.<\/p>\n\n\n\n<p>Dar\u00fcber hinaus bin ich als stellvertretender Vorsitzender beim Telefonmuseum Jena (telefonmuseum-jena.de) aktiv und besch\u00e4ftige mich dort unter anderem mit dem Kuratieren und der Recherche zu Telefonen und Handys. Auf diese Weise komme ich nicht nur mit vielen Experten in Kontakt, die teilweise schon seit Jahrzehnten in der Telekommunikation t\u00e4tig sind.<\/p>\n\n\n\n<h2 class=\"wp-block-heading\">Ver\u00f6ffentlichungen und B\u00fccher<\/h2>\n\n\n\n<p>In den letzten Jahren habe ich zum Thema Kommunikation Beitr\u00e4ge in verschiedenen Magazinen ver\u00f6ffentlicht und auch einige eigene B\u00fccher in diesem Bereich auf den Markt gebracht:<\/p>\n\n\n\n<ul class=\"wp-block-list\">\n<li>Erfolgreicher Bloggen: Suchmaschinenoptimierung und Marketing f\u00fcr Blogs &#8211; ISBN 3837015033 (<a href=\"https:\/\/www.amazon.de\/Erfolgreicher-Bloggen-Suchmaschinenoptimierung-Marketing-Blogs\/dp\/3837015033\/ref=sr_1_4?keywords=Bastian+Ebert&amp;qid=1560676798&amp;s=gateway&amp;sr=8-4\" target=\"_blank\" rel=\"noopener\">hier<\/a>)<\/li>\n\n\n\n<li>Web-Monitoring: Gewinnung und Analyse von Daten \u00fcber das Kommunikationsverhalten im Internet &#8211; Mitautor &#8211; ISBN 386764215X (<a href=\"https:\/\/www.zvab.com\/servlet\/BookDetailsPL?bi=22478142379&amp;searchurl=hl%3Don%26sortby%3D20%26an%3Dbastian%2Bjulia\" target=\"_blank\" rel=\"noopener\">hier<\/a>)<\/li>\n\n\n\n<li>Breitband-Ratgeber 2011 f\u00fcr die PIRATEN Th\u00fcringen (<a href=\"http:\/\/www.piraten-thueringen.de\/wp-content\/uploads\/2012\/04\/Breitband_Ratgeber.pdf\" target=\"_blank\" rel=\"noopener\">hier<\/a>)<\/li>\n\n\n\n<li>Die wichtigsten Tipp&amp;Tricks zu Android 6.0 &#8211; eBook (<a href=\"https:\/\/www.amazon.de\/Die-wichtigsten-Tipp-Tricks-Android-ebook\/dp\/B01KVVYNAU\/ref=sr_1_3?keywords=Bastian+Ebert&amp;qid=1560676791&amp;s=gateway&amp;sr=8-3\" target=\"_blank\" rel=\"noopener\">hier<\/a>)<\/li>\n\n\n\n<li>Die wichtigen Tipps &amp; Tricks zu Android 7 Nougat &#8211; eBook (<a href=\"https:\/\/www.amazon.de\/wichtigen-Tipps-Tricks-Android-Nougat-ebook\/dp\/B06VY3T2JR\/ref=sr_1_2?keywords=Bastian+Ebert&amp;qid=1560676757&amp;s=gateway&amp;sr=8-2\" target=\"_blank\" rel=\"noopener\">hier<\/a>)<\/li>\n<\/ul>\n\n\n\n<p>Nat\u00fcrlich schreibe ich nicht alle Beitr\u00e4ge selbst, sondern habe ein Team, dass mich immer wieder dabei unterst\u00fctzt. Die Freigabe und fachliche Beurteilung der Artikel liegt aber letztendlich bei mir.<\/p>\n","protected":false},"excerpt":{"rendered":"<p>Mein Name ist Bastian Ebert, und ich habe urspr\u00fcnglich mein Diplom in Psychologie an der &#8230; <a title=\"Wer schreibt hier? &#8211; alles zum Autor\" class=\"read-more\" href=\"https:\/\/allnet-flat.com\/index.php\/wer-schreibt-hier-alles-zum-autor\/\" aria-label=\"Mehr Informationen \u00fcber Wer schreibt hier? &#8211; alles zum Autor\">Weiterlesen &#8230;<\/a><\/p>\n","protected":false},"author":1,"featured_media":0,"parent":0,"menu_order":0,"comment_status":"closed","ping_status":"closed","template":"","meta":{"footnotes":""},"class_list":["post-1234","page","type-page","status-publish"],"_links":{"self":[{"href":"https:\/\/allnet-flat.com\/index.php\/wp-json\/wp\/v2\/pages\/1234","targetHints":{"allow":["GET"]}}],"collection":[{"href":"https:\/\/allnet-flat.com\/index.php\/wp-json\/wp\/v2\/pages"}],"about":[{"href":"https:\/\/allnet-flat.com\/index.php\/wp-json\/wp\/v2\/types\/page"}],"author":[{"embeddable":true,"href":"https:\/\/allnet-flat.com\/index.php\/wp-json\/wp\/v2\/users\/1"}],"replies":[{"embeddable":true,"href":"https:\/\/allnet-flat.com\/index.php\/wp-json\/wp\/v2\/comments?post=1234"}],"version-history":[{"count":2,"href":"https:\/\/allnet-flat.com\/index.php\/wp-json\/wp\/v2\/pages\/1234\/revisions"}],"predecessor-version":[{"id":1237,"href":"https:\/\/allnet-flat.com\/index.php\/wp-json\/wp\/v2\/pages\/1234\/revisions\/1237"}],"wp:attachment":[{"href":"https:\/\/allnet-flat.com\/index.php\/wp-json\/wp\/v2\/media?parent=1234"}],"curies":[{"name":"wp","href":"https:\/\/api.w.org\/{rel}","templated":true}]}}